{"id":7,"date":"2025-04-08T20:51:05","date_gmt":"2025-04-08T20:51:05","guid":{"rendered":"https:\/\/barrancodesign.com\/amj3d\/?page_id=7"},"modified":"2025-04-12T06:09:32","modified_gmt":"2025-04-12T06:09:32","slug":"inicio","status":"publish","type":"page","link":"https:\/\/barrancodesign.com\/amj3d\/","title":{"rendered":"Inicio"},"content":{"rendered":"\t\t<div data-elementor-type=\"wp-page\" data-elementor-id=\"7\" class=\"elementor elementor-7\" data-elementor-post-type=\"page\">\n\t\t\t\t<div data-particle_enable=\"false\" data-particle-mobile-disabled=\"false\" class=\"elementor-element elementor-element-14bb188 e-con-full e-flex e-con e-parent\" data-id=\"14bb188\" data-element_type=\"container\" data-settings=\"{&quot;background_background&quot;:&quot;video&quot;,&quot;background_video_link&quot;:&quot;https:\\\/\\\/barrancodesign.com\\\/amj3d\\\/wp-content\\\/uploads\\\/2025\\\/04\\\/12972891_1920_1080_25fps.mp4&quot;,&quot;background_video_start&quot;:0,&quot;background_play_on_mobile&quot;:&quot;yes&quot;}\">\n\t\t<div class=\"elementor-background-video-container\">\n\t\t\t\t\t\t\t<video class=\"elementor-background-video-hosted\" autoplay muted playsinline loop><\/video>\n\t\t\t\t\t<\/div>\t\t<div class=\"elementor-element elementor-element-46b1dfe elementor-widget elementor-widget-image\" data-id=\"46b1dfe\" data-element_type=\"widget\" data-widget_type=\"image.default\">\n\t\t\t\t<div class=\"elementor-widget-container\">\n\t\t\t\t\t\t\t\t\t\t\t\t\t\t\t<img fetchpriority=\"high\" decoding=\"async\" width=\"360\" height=\"360\" src=\"https:\/\/barrancodesign.com\/amj3d\/wp-content\/uploads\/2025\/04\/main_logo_2.png\" class=\"attachment-large size-large wp-image-57\" alt=\"\" srcset=\"https:\/\/barrancodesign.com\/amj3d\/wp-content\/uploads\/2025\/04\/main_logo_2.png 360w, https:\/\/barrancodesign.com\/amj3d\/wp-content\/uploads\/2025\/04\/main_logo_2-300x300.png 300w, https:\/\/barrancodesign.com\/amj3d\/wp-content\/uploads\/2025\/04\/main_logo_2-150x150.png 150w\" sizes=\"(max-width: 360px) 100vw, 360px\" \/>\t\t\t\t\t\t\t\t\t\t\t\t\t\t\t<\/div>\n\t\t\t\t<\/div>\n\t\t\t\t<div class=\"elementor-element elementor-element-3e7736c elementor-widget elementor-widget-heading\" data-id=\"3e7736c\" data-element_type=\"widget\" data-widget_type=\"heading.default\">\n\t\t\t\t<div class=\"elementor-widget-container\">\n\t\t\t\t\t<h1 class=\"elementor-heading-title elementor-size-default\">AmJ 3D<\/h1>\t\t\t\t<\/div>\n\t\t\t\t<\/div>\n\t\t\t\t<div class=\"elementor-element elementor-element-1496644 elementor-widget elementor-widget-heading\" data-id=\"1496644\" data-element_type=\"widget\" data-widget_type=\"heading.default\">\n\t\t\t\t<div class=\"elementor-widget-container\">\n\t\t\t\t\t<h2 class=\"elementor-heading-title elementor-size-default\">Impresiones 3D<\/h2>\t\t\t\t<\/div>\n\t\t\t\t<\/div>\n\t\t\t\t<\/div>\n\t\t\t\t<section data-particle_enable=\"false\" data-particle-mobile-disabled=\"false\" class=\"elementor-section elementor-top-section elementor-element elementor-element-570fe351 elementor-section-content-middle elementor-section-stretched elementor-section-boxed elementor-section-height-default elementor-section-height-default\" data-id=\"570fe351\" data-element_type=\"section\" data-settings=\"{&quot;stretch_section&quot;:&quot;section-stretched&quot;,&quot;background_background&quot;:&quot;classic&quot;,&quot;motion_fx_motion_fx_scrolling&quot;:&quot;yes&quot;,&quot;sticky&quot;:&quot;top&quot;,&quot;motion_fx_devices&quot;:[&quot;desktop&quot;,&quot;tablet&quot;,&quot;mobile&quot;],&quot;sticky_on&quot;:[&quot;desktop&quot;,&quot;tablet&quot;,&quot;mobile&quot;],&quot;sticky_offset&quot;:0,&quot;sticky_effects_offset&quot;:0,&quot;sticky_anchor_link_offset&quot;:0}\">\n\t\t\t\t\t\t<div class=\"elementor-container elementor-column-gap-default\">\n\t\t\t\t\t<div class=\"elementor-column elementor-col-33 elementor-top-column elementor-element elementor-element-6f455098\" data-id=\"6f455098\" data-element_type=\"column\">\n\t\t\t<div class=\"elementor-widget-wrap elementor-element-populated\">\n\t\t\t\t\t\t<div class=\"elementor-element elementor-element-88dc61c elementor-widget elementor-widget-theme-site-logo elementor-widget-image\" data-id=\"88dc61c\" data-element_type=\"widget\" data-widget_type=\"theme-site-logo.default\">\n\t\t\t\t<div class=\"elementor-widget-container\">\n\t\t\t\t\t\t\t\t\t\t\t<a href=\"https:\/\/barrancodesign.com\/amj3d\">\n\t\t\t<img decoding=\"async\" width=\"360\" height=\"360\" src=\"https:\/\/barrancodesign.com\/amj3d\/wp-content\/uploads\/2025\/04\/main_logo.png\" class=\"attachment-full size-full wp-image-56\" alt=\"\" srcset=\"https:\/\/barrancodesign.com\/amj3d\/wp-content\/uploads\/2025\/04\/main_logo.png 360w, https:\/\/barrancodesign.com\/amj3d\/wp-content\/uploads\/2025\/04\/main_logo-300x300.png 300w, https:\/\/barrancodesign.com\/amj3d\/wp-content\/uploads\/2025\/04\/main_logo-150x150.png 150w\" sizes=\"(max-width: 360px) 100vw, 360px\" \/>\t\t\t\t<\/a>\n\t\t\t\t\t\t\t\t\t\t\t<\/div>\n\t\t\t\t<\/div>\n\t\t\t\t\t<\/div>\n\t\t<\/div>\n\t\t\t\t<div class=\"elementor-column elementor-col-33 elementor-top-column elementor-element elementor-element-10218907\" data-id=\"10218907\" data-element_type=\"column\">\n\t\t\t<div class=\"elementor-widget-wrap elementor-element-populated\">\n\t\t\t\t\t\t<div class=\"elementor-element elementor-element-1843a0e0 e-grid-align-right elementor-hidden-mobile elementor-shape-rounded elementor-grid-0 elementor-widget elementor-widget-social-icons\" data-id=\"1843a0e0\" data-element_type=\"widget\" data-widget_type=\"social-icons.default\">\n\t\t\t\t<div class=\"elementor-widget-container\">\n\t\t\t\t\t\t\t<div class=\"elementor-social-icons-wrapper elementor-grid\">\n\t\t\t\t\t\t\t<span class=\"elementor-grid-item\">\n\t\t\t\t\t<a class=\"elementor-icon elementor-social-icon elementor-social-icon-facebook elementor-repeater-item-692f02e\" href=\"https:\/\/www.facebook.com\/share\/1AHjegVMEU\/\" target=\"_blank\">\n\t\t\t\t\t\t<span class=\"elementor-screen-only\">Facebook<\/span>\n\t\t\t\t\t\t<svg class=\"e-font-icon-svg e-fab-facebook\" viewBox=\"0 0 512 512\" xmlns=\"http:\/\/www.w3.org\/2000\/svg\"><path d=\"M504 256C504 119 393 8 256 8S8 119 8 256c0 123.78 90.69 226.38 209.25 245V327.69h-63V256h63v-54.64c0-62.15 37-96.48 93.67-96.48 27.14 0 55.52 4.84 55.52 4.84v61h-31.28c-30.8 0-40.41 19.12-40.41 38.73V256h68.78l-11 71.69h-57.78V501C413.31 482.38 504 379.78 504 256z\"><\/path><\/svg>\t\t\t\t\t<\/a>\n\t\t\t\t<\/span>\n\t\t\t\t\t\t\t<span class=\"elementor-grid-item\">\n\t\t\t\t\t<a class=\"elementor-icon elementor-social-icon elementor-social-icon-instagram elementor-repeater-item-c63dd9e\" href=\"#elementor-action%3Aaction%3Dpopup%3Aopen%26settings%3DeyJpZCI6IjE4OCIsInRvZ2dsZSI6ZmFsc2V9\" target=\"_blank\">\n\t\t\t\t\t\t<span class=\"elementor-screen-only\">Instagram<\/span>\n\t\t\t\t\t\t<svg class=\"e-font-icon-svg e-fab-instagram\" viewBox=\"0 0 448 512\" xmlns=\"http:\/\/www.w3.org\/2000\/svg\"><path d=\"M224.1 141c-63.6 0-114.9 51.3-114.9 114.9s51.3 114.9 114.9 114.9S339 319.5 339 255.9 287.7 141 224.1 141zm0 189.6c-41.1 0-74.7-33.5-74.7-74.7s33.5-74.7 74.7-74.7 74.7 33.5 74.7 74.7-33.6 74.7-74.7 74.7zm146.4-194.3c0 14.9-12 26.8-26.8 26.8-14.9 0-26.8-12-26.8-26.8s12-26.8 26.8-26.8 26.8 12 26.8 26.8zm76.1 27.2c-1.7-35.9-9.9-67.7-36.2-93.9-26.2-26.2-58-34.4-93.9-36.2-37-2.1-147.9-2.1-184.9 0-35.8 1.7-67.6 9.9-93.9 36.1s-34.4 58-36.2 93.9c-2.1 37-2.1 147.9 0 184.9 1.7 35.9 9.9 67.7 36.2 93.9s58 34.4 93.9 36.2c37 2.1 147.9 2.1 184.9 0 35.9-1.7 67.7-9.9 93.9-36.2 26.2-26.2 34.4-58 36.2-93.9 2.1-37 2.1-147.8 0-184.8zM398.8 388c-7.8 19.6-22.9 34.7-42.6 42.6-29.5 11.7-99.5 9-132.1 9s-102.7 2.6-132.1-9c-19.6-7.8-34.7-22.9-42.6-42.6-11.7-29.5-9-99.5-9-132.1s-2.6-102.7 9-132.1c7.8-19.6 22.9-34.7 42.6-42.6 29.5-11.7 99.5-9 132.1-9s102.7-2.6 132.1 9c19.6 7.8 34.7 22.9 42.6 42.6 11.7 29.5 9 99.5 9 132.1s2.7 102.7-9 132.1z\"><\/path><\/svg>\t\t\t\t\t<\/a>\n\t\t\t\t<\/span>\n\t\t\t\t\t\t\t<span class=\"elementor-grid-item\">\n\t\t\t\t\t<a class=\"elementor-icon elementor-social-icon elementor-social-icon-whatsapp elementor-repeater-item-d31204f\" href=\"#elementor-action%3Aaction%3Dpopup%3Aopen%26settings%3DeyJpZCI6IjE3NyIsInRvZ2dsZSI6ZmFsc2V9\" target=\"_blank\">\n\t\t\t\t\t\t<span class=\"elementor-screen-only\">Whatsapp<\/span>\n\t\t\t\t\t\t<svg class=\"e-font-icon-svg e-fab-whatsapp\" viewBox=\"0 0 448 512\" xmlns=\"http:\/\/www.w3.org\/2000\/svg\"><path d=\"M380.9 97.1C339 55.1 283.2 32 223.9 32c-122.4 0-222 99.6-222 222 0 39.1 10.2 77.3 29.6 111L0 480l117.7-30.9c32.4 17.7 68.9 27 106.1 27h.1c122.3 0 224.1-99.6 224.1-222 0-59.3-25.2-115-67.1-157zm-157 341.6c-33.2 0-65.7-8.9-94-25.7l-6.7-4-69.8 18.3L72 359.2l-4.4-7c-18.5-29.4-28.2-63.3-28.2-98.2 0-101.7 82.8-184.5 184.6-184.5 49.3 0 95.6 19.2 130.4 54.1 34.8 34.9 56.2 81.2 56.1 130.5 0 101.8-84.9 184.6-186.6 184.6zm101.2-138.2c-5.5-2.8-32.8-16.2-37.9-18-5.1-1.9-8.8-2.8-12.5 2.8-3.7 5.6-14.3 18-17.6 21.8-3.2 3.7-6.5 4.2-12 1.4-32.6-16.3-54-29.1-75.5-66-5.7-9.8 5.7-9.1 16.3-30.3 1.8-3.7.9-6.9-.5-9.7-1.4-2.8-12.5-30.1-17.1-41.2-4.5-10.8-9.1-9.3-12.5-9.5-3.2-.2-6.9-.2-10.6-.2-3.7 0-9.7 1.4-14.8 6.9-5.1 5.6-19.4 19-19.4 46.3 0 27.3 19.9 53.7 22.6 57.4 2.8 3.7 39.1 59.7 94.8 83.8 35.2 15.2 49 16.5 66.6 13.9 10.7-1.6 32.8-13.4 37.4-26.4 4.6-13 4.6-24.1 3.2-26.4-1.3-2.5-5-3.9-10.5-6.6z\"><\/path><\/svg>\t\t\t\t\t<\/a>\n\t\t\t\t<\/span>\n\t\t\t\t\t<\/div>\n\t\t\t\t\t\t<\/div>\n\t\t\t\t<\/div>\n\t\t\t\t\t<\/div>\n\t\t<\/div>\n\t\t\t\t<div class=\"elementor-column elementor-col-33 elementor-top-column elementor-element elementor-element-27f907f2\" data-id=\"27f907f2\" data-element_type=\"column\">\n\t\t\t<div class=\"elementor-widget-wrap elementor-element-populated\">\n\t\t\t\t\t\t<div class=\"elementor-element elementor-element-8471fc4 elementor-widget elementor-widget-ucaddon_fullscreen_navigation_menu\" data-id=\"8471fc4\" data-element_type=\"widget\" data-widget_type=\"ucaddon_fullscreen_navigation_menu.default\">\n\t\t\t\t<div class=\"elementor-widget-container\">\n\t\t\t\t\t\n<!-- start Fullscreen Menu -->\n\t\t<link id='font-awesome-css' href='https:\/\/barrancodesign.com\/amj3d\/wp-content\/plugins\/unlimited-elements-for-elementor-premium\/assets_libraries\/font-awesome6\/fontawesome-all.min.css' type='text\/css' rel='stylesheet' >\n\t\t<link id='font-awesome-4-shim-css' href='https:\/\/barrancodesign.com\/amj3d\/wp-content\/plugins\/unlimited-elements-for-elementor-premium\/assets_libraries\/font-awesome6\/fontawesome-v4-shims.min.css' type='text\/css' rel='stylesheet' >\n\n<style>\/* widget: Fullscreen Menu *\/\n\n.elementor-sticky{\n\toverflow: visible !important;\n}\n\n\n\t\n\n\n#uc_fullscreen_navigation_menu_elementor_8471fc4 * {\n  box-sizing: border-box;\n}\n#uc_fullscreen_navigation_menu_elementor_8471fc4 a,\n#uc_fullscreen_navigation_menu_elementor_8471fc4 a:visited,\n#uc_fullscreen_navigation_menu_elementor_8471fc4 a:hover,\n#uc_fullscreen_navigation_menu_elementor_8471fc4 a:active {\n  text-decoration: none;\n}\n\n\n#uc_fullscreen_navigation_menu_elementor_8471fc4 .ue-input-wrapper\n{\n  position:relative;\n  \n}\n\n#uc_fullscreen_navigation_menu_elementor_8471fc4 .ue-input-wrapper-align{\n  display:flex;\n}\n#uc_fullscreen_navigation_menu_elementor_8471fc4 .ue_hamburger *{\n  transition: all 200ms;\n}\n#uc_fullscreen_navigation_menu_elementor_8471fc4 .ue_hamburger_custom_open svg\n{\n  height:1em;\n  width:1em;\n}\n\n#uc_fullscreen_navigation_menu_elementor_8471fc4 .ue_hamburger_custom_close svg\n{\n  height:1em;\n  width:1em;\n}\n\n#uc_fullscreen_navigation_menu_elementor_8471fc4 .uc_hamburger{\n  display: inline-block;  \n}\n\n#uc_fullscreen_navigation_menu_elementor_8471fc4 .uc_line{\n  transition: all .3s;\n}\n\n\n#uc_fullscreen_navigation_menu_elementor_8471fc4\n{\n  position:relative;\n  z-index:99998;\n}\n\n#uc_fullscreen_navigation_menu_elementor_8471fc4 .checkbox-toggle {\n  position: absolute;\n  z-index: 100000000;\n  cursor: pointer;\n  opacity: 0;\n  top:0px;\n}\n\n#uc_fullscreen_navigation_menu_elementor_8471fc4 .checkbox-toggle:checked + .ue_hamburger > div:after {\n  opacity: 0;\n}\n#uc_fullscreen_navigation_menu_elementor_8471fc4.menu-opened .ue_menu {\n  pointer-events: auto;\n}\n#uc_fullscreen_navigation_menu_elementor_8471fc4.menu-opened .ue_menu > div.ue_inner_menu {\n      visibility: visible;\n  -webkit-transition-duration: 0.75s;\n          transition-duration: 0.75s;\n}\n#uc_fullscreen_navigation_menu_elementor_8471fc4.menu-opened .ue_menu > div.ue_inner_menu > div > div {\n  opacity: 1;\n  transition: opacity 0.4s ease 0.4s;\n}\n\n\/* start open transition animations *\/\n#uc_fullscreen_navigation_menu_elementor_8471fc4 .ue_menu .ue_inner_menu {\ntransform: scale(0);\n}\n#uc_fullscreen_navigation_menu_elementor_8471fc4.menu-opened .ue_menu > div.ue_inner_menu {\n  -webkit-transform: scale(1);\n          transform: scale(1);\n  -webkit-transition-duration: 0.75s;\n          transition-duration: 0.75s;\n}\n\t\n\n\t\n\n\t\n\n\t\n\n\t\n\n\t\n\n\t\n\n\t\n\n\t\n\/* end open transition animations *\/\n\n#uc_fullscreen_navigation_menu_elementor_8471fc4 .ue_hamburger {\n  top: 0;\n  cursor: pointer;\n  transition: 0.4s;\n  backface-visibility: hidden;\n  display: flex;\n  align-items: center;\n  justify-content: center;\n  position:absolute;\n  z-index:99999999;\n}\n\n\n      #uc_fullscreen_navigation_menu_elementor_8471fc4 .checkbox-toggle:checked + .ue_hamburger > div {\n              transform: rotate(135deg);\n    }\n    #uc_fullscreen_navigation_menu_elementor_8471fc4 .checkbox-toggle:checked + .ue_hamburger > div:before,\n    #uc_fullscreen_navigation_menu_elementor_8471fc4 .checkbox-toggle:checked + .ue_hamburger > div:after {\n      top: 0;\n      -webkit-transform: rotate(90deg);\n              transform: rotate(90deg);\n    }\n    #uc_fullscreen_navigation_menu_elementor_8471fc4 .checkbox-toggle:checked:hover + .ue_hamburger > div {\n              transform: rotate(225deg);\n    }\n    #uc_fullscreen_navigation_menu_elementor_8471fc4 .ue_hamburger > div {\n      position: relative;\n      -webkit-box-flex: 0;\n              flex: none;\n      width: 100%;\n      height: 2px;\n      transition: all 0.4s ease;\n      display: flex;\n              align-items: center;\n              justify-content: center;\n      background-color:#ffffff;\n    }\n\n    #uc_fullscreen_navigation_menu_elementor_8471fc4 .checkbox-toggle:checked + .ue_hamburger > div {\n              color:#ffffff;\n              background-color:;\n    }\n\n    #uc_fullscreen_navigation_menu_elementor_8471fc4 input:hover + .ue_hamburger > div{\n      background-color:#FFFFFF;\n    }\n\n    #uc_fullscreen_navigation_menu_elementor_8471fc4 .ue_hamburger > div:before,\n    #uc_fullscreen_navigation_menu_elementor_8471fc4 .ue_hamburger > div:after {\n      content: '';\n      position: absolute;\n      z-index: 1;\n      top: -10px;\n      left: 0;\n      width: 100%;\n      height: 2px;\n      background: inherit;\n    }\n\n    #uc_fullscreen_navigation_menu_elementor_8471fc4 .ue_hamburger > div:after {\n      top: 10px;\n    }\n  \/* end effects == \"def\" *\/\n\n\n\n\n#uc_fullscreen_navigation_menu_elementor_8471fc4 .ue_menu {\n  position: fixed;\n  top: 0;\n  left: 0;\n  width: 100%;\n  pointer-events: none;\n  visibility: hidden;       \n  backface-visibility: hidden;\n  outline: none;\n  display: flex;\n  align-items: center;\n  justify-content: center;\n}\n\n\/* start protection from doubled fixed section in elementor *\/\n.uc-hidden #uc_fullscreen_navigation_menu_elementor_8471fc4 .ue_menu{\n   opacity: 0;\n   pointer-events: none;\n}\n.uc-visible #uc_fullscreen_navigation_menu_elementor_8471fc4 .ue_menu{\n   opacity: 1;\n   pointer-events: all;\n}\n\/* end protection from doubled fixed section in elementor *\/\n\n#uc_fullscreen_navigation_menu_elementor_8471fc4 .ue_menu .ue_inner_menu {\n  color: #fff;\n  transition: all 0.4s ease;\n  height: 100vh;\n  overflow-y: auto;\n  overflow-x: hidden;\n  display: flex;\n}\n#uc_fullscreen_navigation_menu_elementor_8471fc4 .ue_inner_menu-box{\n    margin-top: auto;\n  \t\n  margin-bottom: auto;\n  width: 100vw;\n  flex: none;\n  backface-visibility: hidden;\n  display: flex;\n  flex-direction: column;\n  align-items: center;\n}\n#uc_fullscreen_navigation_menu_elementor_8471fc4 .ue_menu > div > div > div {\n  max-width: 90vw;\n  width: 100%;\n  opacity: 0;\n  -webkit-transition: opacity 0.4s ease;\n  transition: opacity 0.4s ease;\n  overflow-y: auto;\n  flex: none;\n  display: flex;\n  align-items: center;\n}\n#uc_fullscreen_navigation_menu_elementor_8471fc4 ul:not(#uc_fullscreen_navigation_menu_elementor_8471fc4 section ul) {\n  list-style: none;\n  margin: 0;\n  display: block;\n  padding:0px;\n}\n#uc_fullscreen_navigation_menu_elementor_8471fc4 .ue_menu  div  div  ul li {\n  padding: 0;\n  display: block;\n}\n#uc_fullscreen_navigation_menu_elementor_8471fc4 .ue_menu  div  div  ul  li a {\n  position: relative;\n  display: inline-flex;\n  align-items: center;\n  cursor: pointer;\n  transition: color 0.4s ease;\n}\n\n#uc_fullscreen_navigation_menu_elementor_8471fc4 .ue_menu  div  div  ul  li  a:hover {\n}\n\n\n\n\n\t\n#uc_fullscreen_navigation_menu_elementor_8471fc4 .ue_menu  div  div  ul  li a:hover:after {\n  width: 100%;\n}\n#uc_fullscreen_navigation_menu_elementor_8471fc4 .ue_menu  div  div  ul  li  a:after {\n  content: '';\n  position: absolute;\n  z-index: 1;\n  bottom: 0;\n  left: 0;\n  width: 0;\n  height: 2px;\n  transition: width 0.4s ease;\n}\n\n\t\n\n\n\n.ue_menu_wrapper\n{\n  position:relative;\n}\n\n\n\n\n#uc_fullscreen_navigation_menu_elementor_8471fc4 .ue_menu-social-icons a\n{\n  display:inline-block;\n  line-height:1em;\n}\n\n#uc_fullscreen_navigation_menu_elementor_8471fc4 .ue_menu-social-icons a svg\n{\n  height:1em;\n  width:1em;\n}\n\n#uc_fullscreen_navigation_menu_elementor_8471fc4 .sub-menu\n{\ntransition: 0.5s;\noverflow: hidden;\nheight: auto;\n}\n\n#uc_fullscreen_navigation_menu_elementor_8471fc4 .collapsed i::before,\n#uc_fullscreen_navigation_menu_elementor_8471fc4 .expanded i::before{\n    font-weight: 900;\n  \tfont-size: 14px;\n    line-height:1em;\n  \tdisplay: inline-block;\n    vertical-align: middle;\n}\n#uc_fullscreen_navigation_menu_elementor_8471fc4 .uc-menu-item-pointer{\n  \tposition: absolute;\n  \tpointer-events: all;\n           right: -15px;\n  \t   transform: translate(14px,0);\n    }\n\n#uc_fullscreen_navigation_menu_elementor_8471fc4 .uc-menu-item-pointer > *{\n  pointer-events: none;\n}\n\n#uc_fullscreen_navigation_menu_elementor_8471fc4 .uc-menu-item-pointer svg{\n\twidth: 14px;\n  \theight: 14px;\n}\n\n#uc_fullscreen_navigation_menu_elementor_8471fc4 .ue_hamburger > div, #uc_fullscreen_navigation_menu_elementor_8471fc4 .ue_hamburger > div:before, #uc_fullscreen_navigation_menu_elementor_8471fc4  .ue_hamburger > div:after{\n outline: 0px solid #ffffff;\n}\n#uc_fullscreen_navigation_menu_elementor_8471fc4 input:hover + .ue_hamburger > div, #uc_fullscreen_navigation_menu_elementor_8471fc4 input:hover + .ue_hamburger > div:before, #uc_fullscreen_navigation_menu_elementor_8471fc4 input:hover + .ue_hamburger > div:after{\n outline: 0px solid #FFFFFF;\n}\n\n\n<\/style>\n\n<div class=\"outer-menu\" id=\"uc_fullscreen_navigation_menu_elementor_8471fc4\">\n  \n  <div class=\"ue_menu_wrapper\">\n    <div class=\"ue-input-wrapper-align\">\n    <div class=\"ue-input-wrapper\">\n  \n    <input id=\"uc_fullscreen_navigation_menu_elementor_8471fc4_input\" name=\"fullscreen_menu_input\" class=\"checkbox-toggle\" type=\"checkbox\" aria-label=\"menu\" \/>   \n    \n    <div class=\"ue_hamburger uc_animated_hamburger_icon\">\n      \n              <div>\n          \t\n        <\/div>\n      \t\n      \n          <\/div>\n      \n    <\/div>\n    <\/div>\n  \n    <div class=\"ue_menu\">\n\n      <div class=\"ue_inner_menu\" data-closeothers=\"no\" data-clickable='false' data-icon-position=\"end\" data-icon-source=\"\" data-expand>\n\n                \t<div class=\"ue_inner_menu_expand_icon\" style=\"display: none\"><i class='fas fa-arrow-down'><\/i><\/div>\n        \t<div class=\"ue_inner_menu_collapse_icon\" style=\"display: none\"><i class='fas fa-arrow-up'><\/i><\/div>\n        \t\n        \n        <div class=\"ue_inner_menu-box\">\n\n          <div><\/div>\n\n          \t\n\n          <div>\n            <ul id=\"menu-main_menu\" class=\"uc-list-menu\"><li id=\"menu-item-61\" class=\"menu-item menu-item-type-post_type menu-item-object-page menu-item-home menu-item-61\"><a href=\"https:\/\/barrancodesign.com\/amj3d\/\">Inicio<\/a><\/li>\n<\/ul>\n          <\/div>\n\n\n          \t\n\n          <div><\/div>\n\n        <\/div>\n\n      <\/div>\n    <\/div>\n  \n  <\/div>\n<\/div>\n<!-- end Fullscreen Menu -->\t\t\t\t<\/div>\n\t\t\t\t<\/div>\n\t\t\t\t\t<\/div>\n\t\t<\/div>\n\t\t\t\t\t<\/div>\n\t\t<\/section>\n\t\t<div data-particle_enable=\"false\" data-particle-mobile-disabled=\"false\" class=\"elementor-element elementor-element-2050a29 e-flex e-con-boxed e-con e-parent\" data-id=\"2050a29\" data-element_type=\"container\">\n\t\t\t\t\t<div class=\"e-con-inner\">\n\t\t<div data-particle_enable=\"false\" data-particle-mobile-disabled=\"false\" class=\"elementor-element elementor-element-5823fea e-con-full e-flex e-con e-child\" data-id=\"5823fea\" data-element_type=\"container\">\n\t\t\t\t<div class=\"elementor-element elementor-element-15d8712 elementor-widget elementor-widget-heading\" data-id=\"15d8712\" data-element_type=\"widget\" data-widget_type=\"heading.default\">\n\t\t\t\t<div class=\"elementor-widget-container\">\n\t\t\t\t\t<h1 class=\"elementor-heading-title elementor-size-default\">AMJ 3D<\/h1>\t\t\t\t<\/div>\n\t\t\t\t<\/div>\n\t\t\t\t<div class=\"elementor-element elementor-element-75c347f elementor-widget elementor-widget-heading\" data-id=\"75c347f\" data-element_type=\"widget\" data-widget_type=\"heading.default\">\n\t\t\t\t<div class=\"elementor-widget-container\">\n\t\t\t\t\t<h2 class=\"elementor-heading-title elementor-size-default\">inovacion en cada capa<\/h2>\t\t\t\t<\/div>\n\t\t\t\t<\/div>\n\t\t\t\t<div class=\"elementor-element elementor-element-6b4c0f6 elementor-widget elementor-widget-text-editor\" data-id=\"6b4c0f6\" data-element_type=\"widget\" data-widget_type=\"text-editor.default\">\n\t\t\t\t<div class=\"elementor-widget-container\">\n\t\t\t\t\t\t\t\t\t<p>Bienvenido a AMJ 3D, donde la creatividad toma forma y la tecnolog\u00eda cobra vida. Somos una empresa especializada en la impresi\u00f3n de modelos 3D, ofreciendo soluciones personalizadas para diversas industrias y proyectos.<br \/>En AMJ 3D, transformamos ideas en realidades tangibles con la m\u00e1s alta precisi\u00f3n y calidad. Ya sea que necesites prototipos funcionales, piezas personalizadas o modelos detallados para exhibici\u00f3n, nuestro equipo de expertos est\u00e1 listo para llevar tu visi\u00f3n al siguiente nivel.<br \/>Descubre el futuro de la fabricaci\u00f3n con AMJ 3D. Dise\u00f1o, innovaci\u00f3n y tecnolog\u00eda en cada impresi\u00f3n.<\/p>\t\t\t\t\t\t\t\t<\/div>\n\t\t\t\t<\/div>\n\t\t\t\t<\/div>\n\t\t<div data-particle_enable=\"false\" data-particle-mobile-disabled=\"false\" class=\"elementor-element elementor-element-1f4b292 e-con-full e-flex e-con e-child\" data-id=\"1f4b292\" data-element_type=\"container\">\n\t\t<div data-particle_enable=\"false\" data-particle-mobile-disabled=\"false\" class=\"elementor-element elementor-element-e8a947d e-con-full e-flex e-con e-child\" data-id=\"e8a947d\" data-element_type=\"container\" data-settings=\"{&quot;background_background&quot;:&quot;classic&quot;}\">\n\t\t\t\t<div class=\"elementor-element elementor-element-3b4ac47 elementor-widget elementor-widget-image\" data-id=\"3b4ac47\" data-element_type=\"widget\" data-widget_type=\"image.default\">\n\t\t\t\t<div class=\"elementor-widget-container\">\n\t\t\t\t\t\t\t\t\t\t\t\t\t\t\t<img decoding=\"async\" width=\"740\" height=\"337\" src=\"https:\/\/barrancodesign.com\/amj3d\/wp-content\/uploads\/2025\/04\/carroceria.png\" class=\"attachment-large size-large wp-image-220\" alt=\"\" srcset=\"https:\/\/barrancodesign.com\/amj3d\/wp-content\/uploads\/2025\/04\/carroceria.png 740w, https:\/\/barrancodesign.com\/amj3d\/wp-content\/uploads\/2025\/04\/carroceria-300x137.png 300w\" sizes=\"(max-width: 740px) 100vw, 740px\" \/>\t\t\t\t\t\t\t\t\t\t\t\t\t\t\t<\/div>\n\t\t\t\t<\/div>\n\t\t\t\t<\/div>\n\t\t<div data-particle_enable=\"false\" data-particle-mobile-disabled=\"false\" class=\"elementor-element elementor-element-6bcf591 e-con-full e-flex e-con e-child\" data-id=\"6bcf591\" data-element_type=\"container\">\n\t\t\t\t<div class=\"elementor-element elementor-element-fcc7963 elementor-widget elementor-widget-image\" data-id=\"fcc7963\" data-element_type=\"widget\" data-widget_type=\"image.default\">\n\t\t\t\t<div class=\"elementor-widget-container\">\n\t\t\t\t\t\t\t\t\t\t\t\t\t\t\t<img loading=\"lazy\" decoding=\"async\" width=\"577\" height=\"433\" src=\"https:\/\/barrancodesign.com\/amj3d\/wp-content\/uploads\/2025\/04\/ferraris.png\" class=\"attachment-large size-large wp-image-219\" alt=\"\" srcset=\"https:\/\/barrancodesign.com\/amj3d\/wp-content\/uploads\/2025\/04\/ferraris.png 577w, https:\/\/barrancodesign.com\/amj3d\/wp-content\/uploads\/2025\/04\/ferraris-300x225.png 300w\" sizes=\"(max-width: 577px) 100vw, 577px\" \/>\t\t\t\t\t\t\t\t\t\t\t\t\t\t\t<\/div>\n\t\t\t\t<\/div>\n\t\t\t\t<\/div>\n\t\t\t\t<\/div>\n\t\t\t\t\t<\/div>\n\t\t\t\t<\/div>\n\t\t\t\t<\/div>\n\t\t","protected":false},"excerpt":{"rendered":"<p>AmJ 3D Impresiones 3D Facebook Instagram Whatsapp Inicio AMJ 3D inovacion en cada capa Bienvenido a AMJ 3D, donde la creatividad toma forma y la tecnolog\u00eda cobra vida. Somos una empresa especializada en la impresi\u00f3n de modelos 3D, ofreciendo soluciones personalizadas para diversas industrias y proyectos.En AMJ 3D, transformamos ideas en realidades tangibles con la [&hellip;]<\/p>\n","protected":false},"author":1,"featured_media":0,"parent":0,"menu_order":0,"comment_status":"closed","ping_status":"closed","template":"","meta":{"footnotes":""},"class_list":["post-7","page","type-page","status-publish","hentry"],"_links":{"self":[{"href":"https:\/\/barrancodesign.com\/amj3d\/index.php\/wp-json\/wp\/v2\/pages\/7","targetHints":{"allow":["GET"]}}],"collection":[{"href":"https:\/\/barrancodesign.com\/amj3d\/index.php\/wp-json\/wp\/v2\/pages"}],"about":[{"href":"https:\/\/barrancodesign.com\/amj3d\/index.php\/wp-json\/wp\/v2\/types\/page"}],"author":[{"embeddable":true,"href":"https:\/\/barrancodesign.com\/amj3d\/index.php\/wp-json\/wp\/v2\/users\/1"}],"replies":[{"embeddable":true,"href":"https:\/\/barrancodesign.com\/amj3d\/index.php\/wp-json\/wp\/v2\/comments?post=7"}],"version-history":[{"count":79,"href":"https:\/\/barrancodesign.com\/amj3d\/index.php\/wp-json\/wp\/v2\/pages\/7\/revisions"}],"predecessor-version":[{"id":229,"href":"https:\/\/barrancodesign.com\/amj3d\/index.php\/wp-json\/wp\/v2\/pages\/7\/revisions\/229"}],"wp:attachment":[{"href":"https:\/\/barrancodesign.com\/amj3d\/index.php\/wp-json\/wp\/v2\/media?parent=7"}],"curies":[{"name":"wp","href":"https:\/\/api.w.org\/{rel}","templated":true}]}}